{"id":26,"date":"2022-04-05T01:11:17","date_gmt":"2022-04-04T23:11:17","guid":{"rendered":"https:\/\/www.danieldubay.ch\/?page_id=26"},"modified":"2024-11-17T21:45:41","modified_gmt":"2024-11-17T20:45:41","slug":"before-aftercare","status":"publish","type":"page","link":"https:\/\/www.danieldubay.ch\/en\/before-aftercare\/","title":{"rendered":"Before \/ Aftercare"},"content":{"rendered":"<p>[et_pb_section fb_built=&#8220;1&#8243; module_class=&#8220;pa-fullscreen-menu&#8220; _builder_version=&#8220;4.16.1&#8243; _module_preset=&#8220;default&#8220; background_color=&#8220;RGBA(255,255,255,0)&#8220; positioning=&#8220;fixed&#8220; max_width=&#8220;50%&#8220; max_width_tablet=&#8220;100%&#8220; max_width_phone=&#8220;100%&#8220; max_width_last_edited=&#8220;on|tablet&#8220; height=&#8220;100%&#8220; global_colors_info=&#8220;{}&#8220;][et_pb_row column_structure=&#8220;1_2,1_2&#8243; _builder_version=&#8220;4.16.1&#8243; _module_preset=&#8220;default&#8220; global_colors_info=&#8220;{}&#8220;][et_pb_column type=&#8220;1_2&#8243; _builder_version=&#8220;4.16.1&#8243; _module_preset=&#8220;default&#8220; global_colors_info=&#8220;{}&#8220;][\/et_pb_column][et_pb_column type=&#8220;1_2&#8243; _builder_version=&#8220;4.16.1&#8243; _module_preset=&#8220;default&#8220; global_colors_info=&#8220;{}&#8220;][et_pb_menu submenu_direction=&#8220;upwards&#8220; active_link_color=&#8220;#FFFFFF&#8220; dropdown_menu_bg_color=&#8220;RGBA(255,255,255,0)&#8220; dropdown_menu_line_color=&#8220;RGBA(255,255,255,0)&#8220; dropdown_menu_text_color=&#8220;#999999&#8243; dropdown_menu_active_link_color=&#8220;#FFFFFF&#8220; mobile_menu_bg_color=&#8220;RGBA(255,255,255,0)&#8220; mobile_menu_text_color=&#8220;#999999&#8243; menu_icon_color=&#8220;#474747&#8243; _builder_version=&#8220;4.16.1&#8243; _module_preset=&#8220;default&#8220; menu_font=&#8220;Montserrat|300||on|||||&#8220; menu_text_color=&#8220;#999999&#8243; menu_font_size=&#8220;18px&#8220; background_enable_color=&#8220;off&#8220; custom_css_dropdown_container=&#8220;position:fixed !important;||left: 0 !important;||top: 0 !important;||width:100% !important;||height:100% !important;||overflow: hidden;&#8220; global_colors_info=&#8220;{}&#8220; mobile_menu_text_color__hover_enabled=&#8220;on|hover&#8220; mobile_menu_text_color__hover=&#8220;#FFFFFF&#8220;][\/et_pb_menu][\/et_pb_column][\/et_pb_row][\/et_pb_section][et_pb_section fb_built=&#8220;1&#8243; _builder_version=&#8220;4.16.1&#8243; _module_preset=&#8220;default&#8220; background_color=&#8220;RGBA(255,255,255,0)&#8220; positioning=&#8220;absolute&#8220; position_origin_a=&#8220;top_right&#8220; z_index=&#8220;-1&#8243; vertical_offset_tablet=&#8220;600px&#8220; vertical_offset_phone=&#8220;350px&#8220; vertical_offset_last_edited=&#8220;on|tablet&#8220; width=&#8220;50%&#8220; custom_padding=&#8220;0px||0px||false|false&#8220; global_colors_info=&#8220;{}&#8220;][et_pb_row _builder_version=&#8220;4.16.1&#8243; _module_preset=&#8220;default&#8220; custom_padding=&#8220;||0px||false|false&#8220; global_colors_info=&#8220;{}&#8220;][et_pb_column type=&#8220;4_4&#8243; _builder_version=&#8220;4.16.1&#8243; _module_preset=&#8220;default&#8220; global_colors_info=&#8220;{}&#8220;][et_pb_menu menu_id=&#8220;9&#8243; module_id=&#8220;.et_pb_menu&#8220; _builder_version=&#8220;4.16.1&#8243; _module_preset=&#8220;default&#8220; menu_font=&#8220;|300|||||||&#8220; menu_text_color=&#8220;#000000&#8243; menu_font_size=&#8220;16px&#8220; background_enable_color=&#8220;off&#8220; width=&#8220;90px&#8220; module_alignment=&#8220;right&#8220; global_colors_info=&#8220;{}&#8220; menu_text_color__hover_enabled=&#8220;on|desktop&#8220; menu_text_color__hover=&#8220;#C2776A&#8220;][\/et_pb_menu][\/et_pb_column][\/et_pb_row][\/et_pb_section][et_pb_section fb_built=&#8220;1&#8243; disabled_on=&#8220;off|off|off&#8220; _builder_version=&#8220;4.16.1&#8243; _module_preset=&#8220;903acd19-1b8a-4ab2-b1a4-f40970643d7b&#8220; background_image=&#8220;https:\/\/www.danieldubay.ch\/wp-content\/uploads\/2022\/04\/before-after-care.jpg&#8220; background_horizontal_offset=&#8220;15%&#8220; global_colors_info=&#8220;{}&#8220;][\/et_pb_section][et_pb_section fb_built=&#8220;1&#8243; _builder_version=&#8220;4.16.1&#8243; _module_preset=&#8220;45e0b450-94e6-43fe-ab8b-3327797f7b69&#8243; background_color=&#8220;#e3dfd4&#8243; background_enable_color=&#8220;on&#8220; global_colors_info=&#8220;{}&#8220;][et_pb_row make_equal=&#8220;on&#8220; _builder_version=&#8220;4.16.1&#8243; _module_preset=&#8220;default&#8220; background_enable_image=&#8220;off&#8220; parallax=&#8220;on&#8220; width=&#8220;98%&#8220; width_tablet=&#8220;100%&#8220; width_phone=&#8220;100%&#8220; width_last_edited=&#8220;on|tablet&#8220; max_width=&#8220;98%&#8220; max_width_tablet=&#8220;100%&#8220; max_width_phone=&#8220;100%&#8220; max_width_last_edited=&#8220;on|tablet&#8220; module_alignment=&#8220;center&#8220; custom_margin=&#8220;0.5%||||false|false&#8220; custom_margin_tablet=&#8220;0%||||false|false&#8220; custom_margin_phone=&#8220;0%||||false|false&#8220; custom_margin_last_edited=&#8220;on|tablet&#8220; custom_padding=&#8220;0px||0px||false|false&#8220; custom_css_main_element=&#8220;align-items: center !important;&#8220; global_colors_info=&#8220;{}&#8220;][et_pb_column type=&#8220;4_4&#8243; _builder_version=&#8220;4.16.1&#8243; _module_preset=&#8220;default&#8220; global_colors_info=&#8220;{}&#8220;][et_pb_text module_class=&#8220;.nadpis&#8220; _builder_version=&#8220;4.16.1&#8243; _module_preset=&#8220;default&#8220; text_font=&#8220;Montserrat||||||||&#8220; text_text_color=&#8220;#666666&#8243; text_line_height=&#8220;23px&#8220; header_font=&#8220;Source Serif Pro|600|||||||&#8220; header_text_color=&#8220;#000000&#8243; header_font_size=&#8220;70px&#8220; background_enable_image=&#8220;off&#8220; position_origin_a=&#8220;center_center&#8220; width=&#8220;80%&#8220; module_alignment=&#8220;center&#8220; custom_margin=&#8220;||||false|false&#8220; custom_margin_tablet=&#8220;100px||||false|false&#8220; custom_margin_phone=&#8220;0px||||false|false&#8220; custom_margin_last_edited=&#8220;off|desktop&#8220; custom_padding=&#8220;150px||||false|false&#8220; custom_padding_tablet=&#8220;150px||170px|5%|false|false&#8220; custom_padding_phone=&#8220;140px||210px|8%|false|false&#8220; custom_padding_last_edited=&#8220;off|desktop&#8220; text_font_size_tablet=&#8220;22px&#8220; text_font_size_phone=&#8220;17px&#8220; text_font_size_last_edited=&#8220;on|phone&#8220; header_font_size_tablet=&#8220;60px&#8220; header_font_size_phone=&#8220;48px&#8220; header_font_size_last_edited=&#8220;on|desktop&#8220; custom_css_main_element=&#8220;align-items: center;&#8220; global_colors_info=&#8220;{}&#8220;]<\/p>\n<h1 style=\"text-align: center;\">Before &#8211; After care<\/h1>\n<p>[\/et_pb_text][\/et_pb_column][\/et_pb_row][et_pb_row _builder_version=&#8220;4.16.1&#8243; _module_preset=&#8220;default&#8220; custom_padding=&#8220;||200px||false|false&#8220; global_colors_info=&#8220;{}&#8220;][et_pb_column type=&#8220;4_4&#8243; _builder_version=&#8220;4.16.1&#8243; _module_preset=&#8220;default&#8220; global_colors_info=&#8220;{}&#8220;][et_pb_text _builder_version=&#8220;4.16.1&#8243; _module_preset=&#8220;default&#8220; text_font=&#8220;Montserrat|300|||||||&#8220; text_text_color=&#8220;#000000&#8243; text_font_size=&#8220;16px&#8220; global_colors_info=&#8220;{}&#8220;]<\/p>\n<p>There are a few things you should know about your upcoming tattoo\u00a0appointment to prepare accordingly. These will accelerate the process of healing and mitigate the pain while you are being tattooed.\n<\/p>\n<p>[\/et_pb_text][et_pb_text _builder_version=&#8220;4.16.1&#8243; _module_preset=&#8220;default&#8220; text_font=&#8220;Montserrat|300|||||||&#8220; text_text_color=&#8220;#000000&#8243; text_font_size=&#8220;16px&#8220; global_colors_info=&#8220;{}&#8220;]<strong>Do&#8217;s:<\/strong><\/p>\n<p><strong><\/strong><\/p>\n<ul>\n<li>Make sure you get a good nights sleep before your appointment.<\/li>\n<li>Make sure you eat enough before going to your appointment.<\/li>\n<li>You can bring some snacks with you (e.g. Chocolate or Fruits).<\/li>\n<li>Drink plenty of water.<\/li>\n<li>Wear comfortable clothing on the day of your appointment, which will make it easier to get to the area being tattooed.<\/li>\n<li>If you want, you can bring headphones and a phone charger.<\/li>\n<li>Make sure you bring enough money to pay the agreed upon sum.<\/li>\n<li>Be on time.<\/li>\n<\/ul>\n<p>[\/et_pb_text][et_pb_text _builder_version=&#8220;4.16.1&#8243; _module_preset=&#8220;default&#8220; text_font=&#8220;Montserrat|300|||||||&#8220; text_text_color=&#8220;#000000&#8243; text_font_size=&#8220;16px&#8220; hover_enabled=&#8220;0&#8243; global_colors_info=&#8220;{}&#8220; sticky_enabled=&#8220;0&#8243;]<\/p>\n<p><strong>Dont&#8217;s:<\/strong><\/p>\n<p><strong><\/strong><\/p>\n<ul>\n<li>Don\u2019t drink or do drugs 24 hrs before your appointment.<\/li>\n<li>If you feel sick or already are, stay home! Not just for your sake, but for mine aswell.<\/li>\n<li>Don\u2019t show up with a sunburn.<\/li>\n<li>Don\u2019t bring large groups into the studio.<\/li>\n<li>Do not make other appointments after your tattoo appointment, which are not flexible in time. Tattoos take time and precision and I can not speed up the process.<br \/>\nbeschleunigen.<\/li>\n<\/ul>\n<p>[\/et_pb_text][et_pb_text _builder_version=&#8220;4.27.3&#8243; _module_preset=&#8220;default&#8220; text_font=&#8220;Montserrat|300|||||||&#8220; text_text_color=&#8220;#000000&#8243; text_font_size=&#8220;16px&#8220; hover_enabled=&#8220;0&#8243; global_colors_info=&#8220;{}&#8220; sticky_enabled=&#8220;0&#8243;]<\/p>\n<p><strong>TATTOO CARE<\/strong><\/p>\n<p>Remove the foil 4-6 hours after tattooing. Clean your tattoo carefully with clean hands under running water until all residues (blood, Vaseline, paint, etc.) are completely removed. Do not scrub! Dry your tattoo with a clean paper towel and wait about 2-3 minutes until the skin is completely dry. Then wrap your tattoo with clean foil. Repeat this whole process 3-4 times within the first 24 hours.<\/p>\n<p>24 Stunden nach deinem Termin, kannst du die Folie komplett weglassen. Reinige dein Tattoo gut mit Wasser und lasse die t\u00e4towierte Stelle gut an der Luft trocknen. Sobald die T\u00e4towierung komplett trocken ist, cremst du dein dein Tattoo ein. Das eincremen wiederholst du je nach Bedarf (Juckreiz, Spannungsgef\u00fchl) 2-3 mal am Tag. Dies machst du f\u00fcr ca. 1 Woche, oder bis sich die Haut nicht mehr schuppt. Trage nur eine d\u00fcnne Schicht der Creme auf, damit deine Haut gut atmen kann. Nach 2 Wochen, kannst du auch eine normale Feuchtigkeitslotion, oder Kokosnuss\u00f6l benutzen. Kratze dein Tattoo nicht auf und reisse auch keine Schuppen\/eventuelle Krusten weg! Ansonsten kann es zu Farbverlust, Narbenbildung und im schlimmsten Fall zu Entz\u00fcndungen kommen. Juckreiz ist ein Zeichen der Wundheilung. Sollte es trotz der guten Nachbehandlung zum Farbverlust kommen, welcher nicht durch dich ( Kunde ) verursacht wurde, ist das Nachstechen bis drei Monate nach deinem Termin, gratis.<\/p>\n<p>Wichtig! In den n\u00e4chsten 3 Wochen darfst du nicht Sonnenbaden, ins Solarium, Chlor- oder Dampfbad und in die Sauna gehen. Du solltest auch nach dem Heilungsprozess dein Tattoo wie ein Schmuckst\u00fcck pflegen, das bedeutet dein Tattoo regelm\u00e4ssig mit einer Bodylotion einzucremen und vor der Sonne mit einem hohen SPF Faktor zu sch\u00fctzen (50+).<\/p>\n<p>[\/et_pb_text][\/et_pb_column][\/et_pb_row][\/et_pb_section]<\/p>","protected":false},"excerpt":{"rendered":"<p>Before &#8211; After careEs gibt ein Paar Dinge, die du bez\u00fcglich deines Tattoo-Termins wissen musst, um dich gut darauf vorzubereiten. Diese helfen dir den Heilungsprozess zu beschleunigen und die Schmerzen zu verringern, w\u00e4hrend dein Tattoo gestochen wird. Do&#8217;s: Schlafe in der Nacht vor deinem Tattoo-Termin richtig. Esse vor einem Tattoo-Termin genug. Du kannst auch etwas [&hellip;]<\/p>","protected":false},"author":2,"featured_media":0,"parent":0,"menu_order":0,"comment_status":"closed","ping_status":"closed","template":"","meta":{"_et_pb_use_builder":"on","_et_pb_old_content":"<!-- wp:divi\/placeholder \/-->","_et_gb_content_width":"","footnotes":""},"class_list":["post-26","page","type-page","status-publish","hentry"],"yoast_head":"<!-- This site is optimized with the Yoast SEO plugin v26.3 - https:\/\/yoast.com\/wordpress\/plugins\/seo\/ -->\n<title>Before \/ Aftercare - Daniel Dubay Tattoo<\/title>\n<meta name=\"robots\" content=\"index, follow, max-snippet:-1, max-image-preview:large, max-video-preview:-1\" \/>\n<link rel=\"canonical\" href=\"https:\/\/www.danieldubay.ch\/en\/before-aftercare\/\" \/>\n<meta property=\"og:locale\" content=\"en_US\" \/>\n<meta property=\"og:type\" content=\"article\" \/>\n<meta property=\"og:title\" content=\"Before \/ Aftercare - Daniel Dubay Tattoo\" \/>\n<meta property=\"og:description\" content=\"Before - After careEs gibt ein Paar Dinge, die du bez\u00fcglich deines Tattoo-Termins wissen musst, um dich gut darauf vorzubereiten. Diese helfen dir den Heilungsprozess zu beschleunigen und die Schmerzen zu verringern, w\u00e4hrend dein Tattoo gestochen wird. Do&#039;s: Schlafe in der Nacht vor deinem Tattoo-Termin richtig. Esse vor einem Tattoo-Termin genug. Du kannst auch etwas [&hellip;]\" \/>\n<meta property=\"og:url\" content=\"https:\/\/www.danieldubay.ch\/en\/before-aftercare\/\" \/>\n<meta property=\"og:site_name\" content=\"Daniel Dubay Tattoo\" \/>\n<meta property=\"article:publisher\" content=\"https:\/\/www.facebook.com\/danieldubaytattoo\" \/>\n<meta property=\"article:modified_time\" content=\"2024-11-17T20:45:41+00:00\" \/>\n<meta property=\"og:image\" content=\"https:\/\/www.danieldubay.ch\/wp-content\/uploads\/2022\/04\/Booking.jpg\" \/>\n\t<meta property=\"og:image:width\" content=\"1020\" \/>\n\t<meta property=\"og:image:height\" content=\"1500\" \/>\n\t<meta property=\"og:image:type\" content=\"image\/jpeg\" \/>\n<meta name=\"twitter:card\" content=\"summary_large_image\" \/>\n<meta name=\"twitter:label1\" content=\"Est. reading time\" \/>\n\t<meta name=\"twitter:data1\" content=\"6 minutes\" \/>\n<script type=\"application\/ld+json\" class=\"yoast-schema-graph\">{\"@context\":\"https:\/\/schema.org\",\"@graph\":[{\"@type\":\"WebPage\",\"@id\":\"https:\/\/www.danieldubay.ch\/before-aftercare\/\",\"url\":\"https:\/\/www.danieldubay.ch\/before-aftercare\/\",\"name\":\"Before \/ Aftercare - Daniel Dubay Tattoo\",\"isPartOf\":{\"@id\":\"https:\/\/www.danieldubay.ch\/#website\"},\"datePublished\":\"2022-04-04T23:11:17+00:00\",\"dateModified\":\"2024-11-17T20:45:41+00:00\",\"breadcrumb\":{\"@id\":\"https:\/\/www.danieldubay.ch\/before-aftercare\/#breadcrumb\"},\"inLanguage\":\"en-US\",\"potentialAction\":[{\"@type\":\"ReadAction\",\"target\":[\"https:\/\/www.danieldubay.ch\/before-aftercare\/\"]}]},{\"@type\":\"BreadcrumbList\",\"@id\":\"https:\/\/www.danieldubay.ch\/before-aftercare\/#breadcrumb\",\"itemListElement\":[{\"@type\":\"ListItem\",\"position\":1,\"name\":\"Home\",\"item\":\"https:\/\/www.danieldubay.ch\/\"},{\"@type\":\"ListItem\",\"position\":2,\"name\":\"Before \/ Aftercare\"}]},{\"@type\":\"WebSite\",\"@id\":\"https:\/\/www.danieldubay.ch\/#website\",\"url\":\"https:\/\/www.danieldubay.ch\/\",\"name\":\"Daniel Dubay Tattoo\",\"description\":\"\u200bProfessional Tattoo  Studio\",\"potentialAction\":[{\"@type\":\"SearchAction\",\"target\":{\"@type\":\"EntryPoint\",\"urlTemplate\":\"https:\/\/www.danieldubay.ch\/?s={search_term_string}\"},\"query-input\":{\"@type\":\"PropertyValueSpecification\",\"valueRequired\":true,\"valueName\":\"search_term_string\"}}],\"inLanguage\":\"en-US\"}]}<\/script>\n<!-- \/ Yoast SEO plugin. -->","yoast_head_json":{"title":"Before \/ Aftercare - Daniel Dubay Tattoo","robots":{"index":"index","follow":"follow","max-snippet":"max-snippet:-1","max-image-preview":"max-image-preview:large","max-video-preview":"max-video-preview:-1"},"canonical":"https:\/\/www.danieldubay.ch\/en\/before-aftercare\/","og_locale":"en_US","og_type":"article","og_title":"Before \/ Aftercare - Daniel Dubay Tattoo","og_description":"Before - After careEs gibt ein Paar Dinge, die du bez\u00fcglich deines Tattoo-Termins wissen musst, um dich gut darauf vorzubereiten. Diese helfen dir den Heilungsprozess zu beschleunigen und die Schmerzen zu verringern, w\u00e4hrend dein Tattoo gestochen wird. Do's: Schlafe in der Nacht vor deinem Tattoo-Termin richtig. Esse vor einem Tattoo-Termin genug. Du kannst auch etwas [&hellip;]","og_url":"https:\/\/www.danieldubay.ch\/en\/before-aftercare\/","og_site_name":"Daniel Dubay Tattoo","article_publisher":"https:\/\/www.facebook.com\/danieldubaytattoo","article_modified_time":"2024-11-17T20:45:41+00:00","og_image":[{"width":1020,"height":1500,"url":"https:\/\/www.danieldubay.ch\/wp-content\/uploads\/2022\/04\/Booking.jpg","type":"image\/jpeg"}],"twitter_card":"summary_large_image","twitter_misc":{"Est. reading time":"6 minutes"},"schema":{"@context":"https:\/\/schema.org","@graph":[{"@type":"WebPage","@id":"https:\/\/www.danieldubay.ch\/before-aftercare\/","url":"https:\/\/www.danieldubay.ch\/before-aftercare\/","name":"Before \/ Aftercare - Daniel Dubay Tattoo","isPartOf":{"@id":"https:\/\/www.danieldubay.ch\/#website"},"datePublished":"2022-04-04T23:11:17+00:00","dateModified":"2024-11-17T20:45:41+00:00","breadcrumb":{"@id":"https:\/\/www.danieldubay.ch\/before-aftercare\/#breadcrumb"},"inLanguage":"en-US","potentialAction":[{"@type":"ReadAction","target":["https:\/\/www.danieldubay.ch\/before-aftercare\/"]}]},{"@type":"BreadcrumbList","@id":"https:\/\/www.danieldubay.ch\/before-aftercare\/#breadcrumb","itemListElement":[{"@type":"ListItem","position":1,"name":"Home","item":"https:\/\/www.danieldubay.ch\/"},{"@type":"ListItem","position":2,"name":"Before \/ Aftercare"}]},{"@type":"WebSite","@id":"https:\/\/www.danieldubay.ch\/#website","url":"https:\/\/www.danieldubay.ch\/","name":"Daniel Dubay Tattoo","description":"\u200bProfessional Tattoo  Studio","potentialAction":[{"@type":"SearchAction","target":{"@type":"EntryPoint","urlTemplate":"https:\/\/www.danieldubay.ch\/?s={search_term_string}"},"query-input":{"@type":"PropertyValueSpecification","valueRequired":true,"valueName":"search_term_string"}}],"inLanguage":"en-US"}]}},"_links":{"self":[{"href":"https:\/\/www.danieldubay.ch\/en\/wp-json\/wp\/v2\/pages\/26","targetHints":{"allow":["GET"]}}],"collection":[{"href":"https:\/\/www.danieldubay.ch\/en\/wp-json\/wp\/v2\/pages"}],"about":[{"href":"https:\/\/www.danieldubay.ch\/en\/wp-json\/wp\/v2\/types\/page"}],"author":[{"embeddable":true,"href":"https:\/\/www.danieldubay.ch\/en\/wp-json\/wp\/v2\/users\/2"}],"replies":[{"embeddable":true,"href":"https:\/\/www.danieldubay.ch\/en\/wp-json\/wp\/v2\/comments?post=26"}],"version-history":[{"count":45,"href":"https:\/\/www.danieldubay.ch\/en\/wp-json\/wp\/v2\/pages\/26\/revisions"}],"predecessor-version":[{"id":1736,"href":"https:\/\/www.danieldubay.ch\/en\/wp-json\/wp\/v2\/pages\/26\/revisions\/1736"}],"wp:attachment":[{"href":"https:\/\/www.danieldubay.ch\/en\/wp-json\/wp\/v2\/media?parent=26"}],"curies":[{"name":"wp","href":"https:\/\/api.w.org\/{rel}","templated":true}]}}